{"id":2,"date":"2008-11-21T20:44:23","date_gmt":"2008-11-21T19:44:23","guid":{"rendered":""},"modified":"2021-04-26T21:36:24","modified_gmt":"2021-04-26T19:36:24","slug":"produkte","status":"publish","type":"page","link":"https:\/\/www.elsbeerreich.at\/WP\/produkte\/","title":{"rendered":"Produkte"},"content":{"rendered":"<p>Was machen wir aus der Elsbeere?<\/p>\n<figure id=\"attachment_466\" aria-describedby=\"caption-attachment-466\" style=\"width: 296px\" class=\"wp-caption alignright\"><img loading=\"lazy\" decoding=\"async\" class=\"wp-image-466 size-medium\" src=\"https:\/\/www.elsbeerreich.at\/WP\/wp-content\/wpp-Beeren-logo-1-296x300.jpg\" alt=\"\" width=\"296\" height=\"300\" srcset=\"https:\/\/www.elsbeerreich.at\/WP\/wp-content\/wpp-Beeren-logo-1-296x300.jpg 296w, https:\/\/www.elsbeerreich.at\/WP\/wp-content\/wpp-Beeren-logo-1-1011x1024.jpg 1011w, https:\/\/www.elsbeerreich.at\/WP\/wp-content\/wpp-Beeren-logo-1-768x778.jpg 768w, https:\/\/www.elsbeerreich.at\/WP\/wp-content\/wpp-Beeren-logo-1-100x100.jpg 100w, https:\/\/www.elsbeerreich.at\/WP\/wp-content\/wpp-Beeren-logo-1.jpg 1200w\" sizes=\"auto, (max-width: 296px) 100vw, 296px\" \/><figcaption id=\"caption-attachment-466\" class=\"wp-caption-text\">Elsbeere &#8211; Bild: Wolf-Peter Polzin<\/figcaption><\/figure>\n<p>Die Elsbeere ist eine br\u00e4unliche, bis daumennagelgro\u00dfe Wildfrucht, welche im reifen Zustand weich wird und direkt vom Baum weg genossen werden kann. Sie schmeckt leicht s\u00e4uerlich und entfaltet schlie\u00dflich ein mandel-marzipan\u00e4hnliches Aroma. Der Geschmack l\u00e4sst sich eigentlich mit keiner anderen Frucht vergleichen! Wobei auff\u00e4llig ist, dass jeder Elsbeerbaum f\u00fcr seine Fr\u00fcchte eine eigene Geschmacksvariante entwickelt. Genauso wie die Form der Beeren unterschiedlich ist und von rund bis l\u00e4nglich oval reicht.<br \/>Der Elsbeerebaum (Sorbus torminalis) findet sich in unserer Region \u2013 und das ist die Einzigartigkeit \u2013 freistehend auf Wiesen oder an Feldrainen, seltener am Waldrand, und wird haupts\u00e4chlich zur Fruchtnutzung herangezogen. Er bevorzugt sonnige Standorte auf kalkhaltigen, trockenen B\u00f6den, wird bis zu 20m hoch und ist besonders durch sein sp\u00e4tes Bl\u00fchen (Anfang Mai) und seine markante orange bis orangerote F\u00e4rbung im Herbst zu erkennen. Dass dieser Baum mit seinen Fr\u00fcchten seit langem sehr gesch\u00e4tzt wird kann man auch daran erkennen, dass viele Exemplare bereits \u00fcber 200 Jahre alt sind. Wir sch\u00e4tzen den Bestand in unserer Region derzeit auf rund 300 bis 400 \u201ealte\u201c B\u00e4ume. Genauere Zahlen wird die heuer begonnene Bestandserhebung bringen.<br \/>In den letzten Jahrzenten ist aus den Beeren ein einziges Produkt, der weit \u00fcber die Grenzen hinaus begehrte Elsbeer- oder Adlitzbeerbrand, hergestellt worden. Da Preise \u00fcber \u20ac 300.- (hochgerechnet auf einen Liter) daf\u00fcr bezahlt werden und die Nachfrage gr\u00f6\u00dfer als das Angebot ist, legt den Grund daf\u00fcr offen.<\/p>\n<p>Doch in den letzten Jahren war zu bemerken, dass immer weniger B\u00e4ume geerntet wurden. Der Grund liegt in erster Linie am enormen Zeitaufwand und der nicht ungef\u00e4hrlichen Ernte. Mit langen Leitern werden die Fr\u00fcchte h\u00e4ndisch von den \u00c4sten geerntet und anschlie\u00dfend an einem k\u00fchlen Ort einer Nachreifung unterzogen, ehe sie dann wieder in m\u00fchevoller Handarbeit von den Doldenrispen, Beere f\u00fcr Beere, gel\u00f6st werden. Dass daf\u00fcr viele H\u00e4nde und Zeit gebraucht werden liegt auf der Hand. Und wer hat diese kostbaren G\u00fcter heute noch zur Verf\u00fcgung?<\/p>\n<p>Also hat es sich im Jahr 2007 der Verein zur Erhaltung, Pflege und Vermarktung der Elsbeere zur Aufgabe gemacht, dieses wertvolle und bisweilen in dieser Form einzigartige Vorkommen des Baumbestandes und der Frucht zu erhalten und alte, meist m\u00fcndlich \u00fcberlieferte Eigenschaften und Wirkungen der Elsbeere zu hinterfragen und zu bewahren.<br \/>Aus schriftlichen Quellen ist bekannt, dass in fr\u00fcheren Zeiten die Elsbeere gegen Durchfallerscheinungen (\u201ezu weichen Magen\u201c) eingenommen wurde. Dies belegt auch die alte Bezeichnung \u201eRuhrbirne\u201c. Auf den sehr hohen Vitamin-C Gehalt wird zwar immer wieder hingewiesen, die Untersuchungsergebnisse in zwei verschiedenen Laboren best\u00e4tigten aber unsere Vermutungen, dass die Elsbeere kein Vitamin-C enth\u00e4lt. Jedenfalls lag der Wert bei frisch geernteten Fr\u00fcchten jeweils unter der Bestimmungsgrenze.<\/p>\n<p>Bei unserer Suche nach Produktideen sind drei Ergebnisse besonders hervorzuheben. Da ist einmal die Elsbeerschokolade. Diese wurde in Zusammenarbeit mit der Schokolademanufaktur Hagmann in Krems kreiert und als Bitterschokolade mit Elsbeer-Ganache auf den Markt gebracht, wobei Elsbeeren und Elsbeerbrand, jeweils mit einem Anteil von 5%, mit verarbeitet werden.<br \/><br \/>Die Platzierung der Elsbeere in der K\u00fcche, vor allem in den Gastronomiebetrieben des sogenannten Elsbeer-Reiches liegt uns besonders am Herzen.<br \/>Hier hat sich Franz Schwarzwallner aus Michelbach bereits gro\u00dfe Anerkennung verdient. Hat er es doch geschafft, mit seinem mehrg\u00e4ngigen Elsbeermen\u00fc seinen G\u00e4sten neue Geschmackserfahrungen erleben zu lassen.<br \/>Es l\u00e4sst sich beobachten, dass viele Ideen bereits erdacht wurden und in unserer Region fast w\u00f6chentlich neue Gerichte mit der Elsbeere aufgetischt werden, angefangen von der Elsbeerschnitte bis zu selbstgemachten Elsbeernudeln.<\/p>\n<p>Kunsthandwerk aus Elsbeerholz &#8211; Elsbeere zum F\u00fchlen! Aus dem wunderbaren harten und dennoch sanften, warmen\u00a0 Holz der Elsbeere werden von einem Tischlermeister handwerklich hergestellte Werkst\u00fccke erstellt. So werden Kugeln, Teelicht-Schalen und auch Holzschalen gedrechselt.<br \/>Jausenbretterl aus Elsbeerholz in der Form eines Elsbeerblattes und Holz-Schwammerl und noch einiges mehr.<\/p>\n<p><img loading=\"lazy\" decoding=\"async\" class=\"alignnone size-medium wp-image-619\" src=\"https:\/\/www.elsbeerreich.at\/WP\/wp-content\/jm-Elsbeerschale-300x199.jpeg\" alt=\"\" width=\"300\" height=\"199\" srcset=\"https:\/\/www.elsbeerreich.at\/WP\/wp-content\/jm-Elsbeerschale-300x199.jpeg 300w, https:\/\/www.elsbeerreich.at\/WP\/wp-content\/jm-Elsbeerschale-1024x680.jpeg 1024w, https:\/\/www.elsbeerreich.at\/WP\/wp-content\/jm-Elsbeerschale-768x510.jpeg 768w, https:\/\/www.elsbeerreich.at\/WP\/wp-content\/jm-Elsbeerschale-1536x1020.jpeg 1536w, https:\/\/www.elsbeerreich.at\/WP\/wp-content\/jm-Elsbeerschale-2048x1360.jpeg 2048w\" sizes=\"auto, (max-width: 300px) 100vw, 300px\" \/>\u00a0 \u00a0 \u00a0 \u00a0 \u00a0 \u00a0 \u00a0 \u00a0 \u00a0 \u00a0 \u00a0 \u00a0 \u00a0 \u00a0 \u00a0 \u00a0 <img loading=\"lazy\" decoding=\"async\" class=\"alignnone  wp-image-483\" src=\"https:\/\/www.elsbeerreich.at\/WP\/wp-content\/wpp-men\u00fc3-1-300x225.jpg\" alt=\"\" width=\"264\" height=\"198\" srcset=\"https:\/\/www.elsbeerreich.at\/WP\/wp-content\/wpp-men\u00fc3-1-300x225.jpg 300w, https:\/\/www.elsbeerreich.at\/WP\/wp-content\/wpp-men\u00fc3-1-1024x768.jpg 1024w, https:\/\/www.elsbeerreich.at\/WP\/wp-content\/wpp-men\u00fc3-1-768x576.jpg 768w, https:\/\/www.elsbeerreich.at\/WP\/wp-content\/wpp-men\u00fc3-1.jpg 1200w\" sizes=\"auto, (max-width: 264px) 100vw, 264px\" \/><\/p>\n\n\n<p><\/p>\n","protected":false},"excerpt":{"rendered":"<p>Was machen wir aus der Elsbeere? Die Elsbeere ist eine br\u00e4unliche, bis daumennagelgro\u00dfe Wildfrucht, welche im reifen Zustand weich wird und direkt vom Baum weg genossen werden kann. Sie schmeckt leicht s\u00e4uerlich und entfaltet schlie\u00dflich ein mandel-marzipan\u00e4hnliches Aroma. Der Geschmack l\u00e4sst sich eigentlich mit keiner anderen Frucht vergleichen! Wobei auff\u00e4llig ist, dass jeder Elsbeerbaum f\u00fcr &hellip; <\/p>\n<p class=\"link-more\"><a href=\"https:\/\/www.elsbeerreich.at\/WP\/produkte\/\" class=\"more-link\"><span class=\"screen-reader-text\">\u201eProdukte\u201c <\/span>weiterlesen<\/a><\/p>\n","protected":false},"author":1,"featured_media":0,"parent":0,"menu_order":0,"comment_status":"closed","ping_status":"open","template":"","meta":{"footnotes":""},"class_list":["post-2","page","type-page","status-publish","hentry"],"_links":{"self":[{"href":"https:\/\/www.elsbeerreich.at\/WP\/wp-json\/wp\/v2\/pages\/2","targetHints":{"allow":["GET"]}}],"collection":[{"href":"https:\/\/www.elsbeerreich.at\/WP\/wp-json\/wp\/v2\/pages"}],"about":[{"href":"https:\/\/www.elsbeerreich.at\/WP\/wp-json\/wp\/v2\/types\/page"}],"author":[{"embeddable":true,"href":"https:\/\/www.elsbeerreich.at\/WP\/wp-json\/wp\/v2\/users\/1"}],"replies":[{"embeddable":true,"href":"https:\/\/www.elsbeerreich.at\/WP\/wp-json\/wp\/v2\/comments?post=2"}],"version-history":[{"count":7,"href":"https:\/\/www.elsbeerreich.at\/WP\/wp-json\/wp\/v2\/pages\/2\/revisions"}],"predecessor-version":[{"id":906,"href":"https:\/\/www.elsbeerreich.at\/WP\/wp-json\/wp\/v2\/pages\/2\/revisions\/906"}],"wp:attachment":[{"href":"https:\/\/www.elsbeerreich.at\/WP\/wp-json\/wp\/v2\/media?parent=2"}],"curies":[{"name":"wp","href":"https:\/\/api.w.org\/{rel}","templated":true}]}}