{"id":378,"date":"2020-04-27T22:04:47","date_gmt":"2020-04-27T20:04:47","guid":{"rendered":"http:\/\/www.elsbeerreich.at\/WP\/?page_id=378"},"modified":"2021-07-17T15:19:40","modified_gmt":"2021-07-17T13:19:40","slug":"medienberichte-presseartikel","status":"publish","type":"page","link":"https:\/\/www.elsbeerreich.at\/WP\/medienberichte-presseartikel\/","title":{"rendered":"Medienberichte, Presseartikel"},"content":{"rendered":"\n<h2 class=\"wp-block-heading\">Michelbacher Elsbeerweg<\/h2>\n\n\n\n<p>Die N\u00d6N (Nieder\u00f6sterreichischen Nachrichten bieten ein ganz besonderes Service f\u00fcr Wanderfreunde an &#8211; den &#8222;N\u00d6N &#8222;Wandertipp&#8220;. Und im Juli 2021 war es endlich soweit &#8211; der Michelbacher Elsbeerweg wurde vorgestellt:<\/p>\n\n\n\n<p><a href=\"https:\/\/www.noen.at\/wandern\/noen-wandertipp-willkommen-im-reich-der-elsbeere-michelbach-3074-michelbach-noen-wandertipp-elsbeerreich-wandern-hegerberg-print-280486079\">https:\/\/www.noen.at\/wandern\/noen-wandertipp-willkommen-im-reich-der-elsbeere-michelbach-3074-michelbach-noen-wandertipp-elsbeerreich-wandern-hegerberg-print-280486079<\/a><\/p>\n\n\n\n<h2 class=\"wp-block-heading\">Toller Artikel in der Frankfurter Allgemeinen<\/h2>\n\n\n\n<figure class=\"wp-block-image size-large\"><img loading=\"lazy\" decoding=\"async\" width=\"600\" height=\"429\" src=\"https:\/\/www.elsbeerreich.at\/WP\/wp-content\/F1105151.056.jpg\" alt=\"\" class=\"wp-image-379\" srcset=\"https:\/\/www.elsbeerreich.at\/WP\/wp-content\/F1105151.056.jpg 600w, https:\/\/www.elsbeerreich.at\/WP\/wp-content\/F1105151.056-300x215.jpg 300w\" sizes=\"auto, (max-width: 600px) 100vw, 600px\" \/><figcaption>Die Frankfurter Allgemeine, 2012<\/figcaption><\/figure>\n\n\n\n<div class=\"wp-block-file\"><a href=\"https:\/\/www.elsbeerreich.at\/WP\/wp-content\/F1105151.056.pdf\">Artikel<\/a><a href=\"https:\/\/www.elsbeerreich.at\/WP\/wp-content\/F1105151.056.pdf\" class=\"wp-block-file__button\" download>Herunterladen<\/a><\/div>\n\n\n\n<hr class=\"wp-block-separator\"\/>\n\n\n\n<figure class=\"wp-block-image size-large\"><img loading=\"lazy\" decoding=\"async\" width=\"1024\" height=\"983\" src=\"https:\/\/www.elsbeerreich.at\/WP\/wp-content\/N\u00d6N-Versammlungsank\u00fcndigng-1024x983.jpg\" alt=\"\" class=\"wp-image-384\" srcset=\"https:\/\/www.elsbeerreich.at\/WP\/wp-content\/N\u00d6N-Versammlungsank\u00fcndigng-1024x983.jpg 1024w, https:\/\/www.elsbeerreich.at\/WP\/wp-content\/N\u00d6N-Versammlungsank\u00fcndigng-300x288.jpg 300w, https:\/\/www.elsbeerreich.at\/WP\/wp-content\/N\u00d6N-Versammlungsank\u00fcndigng-768x737.jpg 768w, https:\/\/www.elsbeerreich.at\/WP\/wp-content\/N\u00d6N-Versammlungsank\u00fcndigng.jpg 1230w\" sizes=\"auto, (max-width: 767px) 89vw, (max-width: 1000px) 54vw, (max-width: 1071px) 543px, 580px\" \/><figcaption>zu Beginn im Jahr 2007<\/figcaption><\/figure>\n\n\n\n<p><\/p>\n","protected":false},"excerpt":{"rendered":"<p>Michelbacher Elsbeerweg Die N\u00d6N (Nieder\u00f6sterreichischen Nachrichten bieten ein ganz besonderes Service f\u00fcr Wanderfreunde an &#8211; den &#8222;N\u00d6N &#8222;Wandertipp&#8220;. Und im Juli 2021 war es endlich soweit &#8211; der Michelbacher Elsbeerweg wurde vorgestellt: https:\/\/www.noen.at\/wandern\/noen-wandertipp-willkommen-im-reich-der-elsbeere-michelbach-3074-michelbach-noen-wandertipp-elsbeerreich-wandern-hegerberg-print-280486079 Toller Artikel in der Frankfurter Allgemeinen<\/p>\n","protected":false},"author":2,"featured_media":0,"parent":0,"menu_order":0,"comment_status":"closed","ping_status":"closed","template":"","meta":{"footnotes":""},"class_list":["post-378","page","type-page","status-publish","hentry"],"_links":{"self":[{"href":"https:\/\/www.elsbeerreich.at\/WP\/wp-json\/wp\/v2\/pages\/378","targetHints":{"allow":["GET"]}}],"collection":[{"href":"https:\/\/www.elsbeerreich.at\/WP\/wp-json\/wp\/v2\/pages"}],"about":[{"href":"https:\/\/www.elsbeerreich.at\/WP\/wp-json\/wp\/v2\/types\/page"}],"author":[{"embeddable":true,"href":"https:\/\/www.elsbeerreich.at\/WP\/wp-json\/wp\/v2\/users\/2"}],"replies":[{"embeddable":true,"href":"https:\/\/www.elsbeerreich.at\/WP\/wp-json\/wp\/v2\/comments?post=378"}],"version-history":[{"count":3,"href":"https:\/\/www.elsbeerreich.at\/WP\/wp-json\/wp\/v2\/pages\/378\/revisions"}],"predecessor-version":[{"id":961,"href":"https:\/\/www.elsbeerreich.at\/WP\/wp-json\/wp\/v2\/pages\/378\/revisions\/961"}],"wp:attachment":[{"href":"https:\/\/www.elsbeerreich.at\/WP\/wp-json\/wp\/v2\/media?parent=378"}],"curies":[{"name":"wp","href":"https:\/\/api.w.org\/{rel}","templated":true}]}}