{"id":397,"date":"2020-04-28T21:19:13","date_gmt":"2020-04-28T19:19:13","guid":{"rendered":"http:\/\/www.elsbeerreich.at\/WP\/?page_id=397"},"modified":"2022-09-24T13:26:35","modified_gmt":"2022-09-24T11:26:35","slug":"elsbeerbuch-monographie","status":"publish","type":"page","link":"https:\/\/www.elsbeerreich.at\/WP\/elsbeerbuch-monographie\/","title":{"rendered":"Elsbeerb\u00fccher"},"content":{"rendered":"\n<h1 class=\"wp-block-heading\"><strong>Neuerscheinung &#8211; komplette \u00dcberarbeitung 2022<\/strong>,                  \u20ac 16.- (!!)<\/h1>\n\n\n\n<figure class=\"wp-block-image size-full\"><img loading=\"lazy\" decoding=\"async\" width=\"800\" height=\"777\" src=\"https:\/\/www.elsbeerreich.at\/WP\/wp-content\/Buch_Titelblatt_k-1.jpeg\" alt=\"\" class=\"wp-image-1044\" srcset=\"https:\/\/www.elsbeerreich.at\/WP\/wp-content\/Buch_Titelblatt_k-1.jpeg 800w, https:\/\/www.elsbeerreich.at\/WP\/wp-content\/Buch_Titelblatt_k-1-300x291.jpeg 300w, https:\/\/www.elsbeerreich.at\/WP\/wp-content\/Buch_Titelblatt_k-1-768x746.jpeg 768w\" sizes=\"auto, (max-width: 767px) 89vw, (max-width: 1000px) 54vw, (max-width: 1071px) 543px, 580px\" \/><\/figure>\n\n\n\n<p>610 Seiten geballtes Wissen zum Baum! 57 Mitautor:innen und \u00fcber 80 Bildgeber:innen liessen 2022 ein &#8222;gewichtiges&#8220;, umfassendes und hoch interessantes Werk entstehen. Buchpr\u00e4sentation 11.IX. in Michelbach, St. P\u00f6lten-Land, N\u00d6.. Wissenschaftlich hinterlegt, dennoch leicht lesbar und mit einer F\u00fclle dokumentarischer und k\u00fcnstlerischer Fotos aufgelockert.&nbsp;<br class=\"\">Sorbus torminalis &#8211; Elsbeere; ein seltener Baum in \u00d6sterreich: die Wildfrucht im Wienerwald (ElsbeerReich), ihre Ernte und Verarbeitung; Elsbeere der klimafitte Baum in \u00d6sterreichs W\u00e4lder; Elsbeer-Beitr\u00e4ge aus 8 Bundesl\u00e4ndern; Elsbeer-Holz wertvoll, traditionell verwendet und modern wiederentdeckt, z.B. im Instrumentenbau &amp; Elsbeere als attraktiver Obstbaum im&nbsp; Garten, genauso wie als pr\u00e4chtiges, \u00f6kologisch wertvolles Landschaftselement im Gemeindegr\u00fcn, solit\u00e4r in der Landschaft, oder im Wald, . Das Buch berichtet \u00fcber all dies und noch viel mehr: kultur-, sozial-, forst- und jagdhistorische Beitr\u00e4ge, Info zu Sch\u00e4dlingen und N\u00fctzlingen, zu den Inhaltsstoffen der &#8222;Beeren&#8220;,.bringt Sagen, Kochrezepte sowie k\u00fcnstlerische Bilder &amp; Arbeiten! Das BUCH zum BAUM f\u00fcr Fachleute genauso wie f\u00fcr interessierte Laien!.<br class=\"\">Viel Herzblut, Ehrenamt und die F\u00f6rderung durch LEADER-Mittel (EU, Bund, Land N\u00d6) der LEADER Region Elsbeere-Wienerwald erlauben den sensationell niederen Preis von 16,&#8211; Euro bei Selbsabholung, 26,&#8211; Euro bei Versand innerhalb \u00d6sterreichs und ins Ausland 16,&#8211; plus die tats\u00e4chlich anfallenden Versandkosten!<\/p>\n\n\n\n<p>Der einfache Bestell-Link:&nbsp;<a href=\"https:\/\/www.buchdrucker.at\/buchladen\/Elsbeere\">https:\/\/www.buchdrucker.at\/buchladen\/Elsbeere<\/a><\/p>\n\n\n\n<h2 class=\"wp-block-heading\"><strong>Elsbeere &#8211; Monographie, Die Elsbeere in \u00d6sterreich<\/strong>, 2013                               <\/h2>\n\n\n\n<p>Ein im Eigenverlag herausgegebenes Buch, dass in einzigartiger Weise s\u00e4mtliche Informationen rund um die Elsbeere in einem Werk auf 344 Seiten zusammenfasst. Es werden wissenschaftliche, geschichtliche aber auch gesellschaftliche und kulinarische Aspekte beleuchtet. Unser ganzer Stolz!  <\/p>\n\n\n\n<figure class=\"wp-block-image size-large\"><img loading=\"lazy\" decoding=\"async\" width=\"600\" height=\"490\" src=\"https:\/\/www.elsbeerreich.at\/WP\/wp-content\/BuchChristineKrone-Kopie.jpg\" alt=\"\" class=\"wp-image-398\" srcset=\"https:\/\/www.elsbeerreich.at\/WP\/wp-content\/BuchChristineKrone-Kopie.jpg 600w, https:\/\/www.elsbeerreich.at\/WP\/wp-content\/BuchChristineKrone-Kopie-300x245.jpg 300w\" sizes=\"auto, (max-width: 600px) 100vw, 600px\" \/><figcaption>1. Elsbeerprinzessin Christine I.<\/figcaption><\/figure>\n\n\n\n<figure class=\"wp-block-image size-large is-resized\"><img loading=\"lazy\" decoding=\"async\" src=\"https:\/\/www.elsbeerreich.at\/WP\/wp-content\/JMA_3226.jpg\" alt=\"\" class=\"wp-image-399\" width=\"673\" height=\"447\" srcset=\"https:\/\/www.elsbeerreich.at\/WP\/wp-content\/JMA_3226.jpg 600w, https:\/\/www.elsbeerreich.at\/WP\/wp-content\/JMA_3226-300x200.jpg 300w\" sizes=\"auto, (max-width: 673px) 100vw, 673px\" \/><figcaption>Pr\u00e4sentation Pyhra 2013  v.l.n.r.: Norbert Mayer, Hans Kiessling, Raphael Klumpp<\/figcaption><\/figure>\n\n\n\n<figure class=\"wp-block-image size-large\"><img loading=\"lazy\" decoding=\"async\" width=\"1024\" height=\"637\" src=\"https:\/\/www.elsbeerreich.at\/WP\/wp-content\/jm-autorengruppe-13-9-13-1024x637.jpg\" alt=\"\" class=\"wp-image-400\" srcset=\"https:\/\/www.elsbeerreich.at\/WP\/wp-content\/jm-autorengruppe-13-9-13-1024x637.jpg 1024w, https:\/\/www.elsbeerreich.at\/WP\/wp-content\/jm-autorengruppe-13-9-13-300x187.jpg 300w, https:\/\/www.elsbeerreich.at\/WP\/wp-content\/jm-autorengruppe-13-9-13-768x478.jpg 768w, https:\/\/www.elsbeerreich.at\/WP\/wp-content\/jm-autorengruppe-13-9-13-1536x955.jpg 1536w, https:\/\/www.elsbeerreich.at\/WP\/wp-content\/jm-autorengruppe-13-9-13.jpg 1600w\" sizes=\"auto, (max-width: 767px) 89vw, (max-width: 1000px) 54vw, (max-width: 1071px) 543px, 580px\" \/><figcaption>Autorinnen und Autoren im Elsbeerhain 2013<\/figcaption><\/figure>\n","protected":false},"excerpt":{"rendered":"<p>Neuerscheinung &#8211; komplette \u00dcberarbeitung 2022, \u20ac 16.- (!!) 610 Seiten geballtes Wissen zum Baum! 57 Mitautor:innen und \u00fcber 80 Bildgeber:innen liessen 2022 ein &#8222;gewichtiges&#8220;, umfassendes und hoch interessantes Werk entstehen. Buchpr\u00e4sentation 11.IX. in Michelbach, St. P\u00f6lten-Land, N\u00d6.. Wissenschaftlich hinterlegt, dennoch leicht lesbar und mit einer F\u00fclle dokumentarischer und k\u00fcnstlerischer Fotos aufgelockert.&nbsp;Sorbus torminalis &#8211; Elsbeere; ein &hellip; <\/p>\n<p class=\"link-more\"><a href=\"https:\/\/www.elsbeerreich.at\/WP\/elsbeerbuch-monographie\/\" class=\"more-link\"><span class=\"screen-reader-text\">\u201eElsbeerb\u00fccher\u201c <\/span>weiterlesen<\/a><\/p>\n","protected":false},"author":2,"featured_media":0,"parent":0,"menu_order":2,"comment_status":"closed","ping_status":"closed","template":"","meta":{"footnotes":""},"class_list":["post-397","page","type-page","status-publish","hentry"],"_links":{"self":[{"href":"https:\/\/www.elsbeerreich.at\/WP\/wp-json\/wp\/v2\/pages\/397","targetHints":{"allow":["GET"]}}],"collection":[{"href":"https:\/\/www.elsbeerreich.at\/WP\/wp-json\/wp\/v2\/pages"}],"about":[{"href":"https:\/\/www.elsbeerreich.at\/WP\/wp-json\/wp\/v2\/types\/page"}],"author":[{"embeddable":true,"href":"https:\/\/www.elsbeerreich.at\/WP\/wp-json\/wp\/v2\/users\/2"}],"replies":[{"embeddable":true,"href":"https:\/\/www.elsbeerreich.at\/WP\/wp-json\/wp\/v2\/comments?post=397"}],"version-history":[{"count":6,"href":"https:\/\/www.elsbeerreich.at\/WP\/wp-json\/wp\/v2\/pages\/397\/revisions"}],"predecessor-version":[{"id":1047,"href":"https:\/\/www.elsbeerreich.at\/WP\/wp-json\/wp\/v2\/pages\/397\/revisions\/1047"}],"wp:attachment":[{"href":"https:\/\/www.elsbeerreich.at\/WP\/wp-json\/wp\/v2\/media?parent=397"}],"curies":[{"name":"wp","href":"https:\/\/api.w.org\/{rel}","templated":true}]}}