{"id":44,"date":"2020-02-12T12:06:50","date_gmt":"2020-02-12T11:06:50","guid":{"rendered":"http:\/\/www.elsbeerreich.at\/WP\/?page_id=44"},"modified":"2025-05-19T14:00:01","modified_gmt":"2025-05-19T12:00:01","slug":"elsbeerverein","status":"publish","type":"page","link":"https:\/\/www.elsbeerreich.at\/WP\/elsbeerverein\/","title":{"rendered":"Verein Elsbeerreich"},"content":{"rendered":"<p>ZVR: 368300706<\/p>\n<p>Die Region \u201eElsbeerReich\u201c im s\u00fcdwestlichen Wienerwald zeichnet sich durch eine weltweit einzigartige Anzahl an solit\u00e4ren, gut fruchtenden Elsbeerb\u00e4umen aus und umfasst 23 Gemeinden am \u00dcbergang zwischen Mostviertel und Wienerwald, dem sogenannten &#8222;Wiesenwienerwald&#8220;.<\/p>\n<p>Die Herstellung des hochpreisigen Elsbeer-Edelbrandes folgt einer langen Tradition und wird heute durch andere Produkte aus Elsbeeren erg\u00e4nzt.<\/p>\n<p>Das &#8222;Or\u00f6wen der Odlatzbia&#8220;, also abrebeln der Beeren sowie das Wissen und Handwerk rund um die Elsbeere geh\u00f6rt seit dem Jahr 2020 zu dem immateriellen Kulturerbe \u00d6sterreichs.\u00a0\u00a0<\/p>\n<p>Der am 19. Juni 2007 gegr\u00fcndete\u00a0<strong>Verein Elsbeerreich\u00a0<\/strong><em>(damals &#8222;Verein zur Erhaltung, Pflege und Vermarktung der Elsbeere&#8220;, dazwischen &#8222;Verein Elsbeerreich \u2013 Genussregion Wiesenwienerwald Elsbeere&#8220;)\u00a0<\/em>sorgt f\u00fcr eine Verbesserung der Produktionsbedingungen und forciert die Diversifizierung der regionalen Wirtschaft. Der Verein setzt auf gezielte Bewerbung der Produkte, Schaffung der Absatzm\u00e4rkte sowie die erleichterte Beschaffung des Rohstoffes \u201eElsbeere\u201c f\u00fcr die Produzenten.<\/p>\n<p>Dar\u00fcber hinaus werden durch die Aktivit\u00e4ten des Vereins die Bekanntheit sowie das Bewusstsein f\u00fcr den Wert der Elsbeere sowohl innerhalb als auch au\u00dferhalb der Region gesteigert.<\/p>\n<p>Als Mitglieder hei\u00dfen wir neben der Elsbeer-Produzenten auch Natur- und Kulturbegeisterte Menschen gerne Willkommen!\u00a0\u00a0<\/p>\n<p><span style=\"color: #e64e17;\"><a style=\"color: #e64e17;\" href=\"https:\/\/www.elsbeerreich.at\/WP\/wp-content\/Beitrittsformular-GR\u00d62016-Tabelle1.pdf\">Beitrittsformular Elsbeerreich<\/a><\/span><\/p>\n<p>Das ausgef\u00fcllte Formular k\u00f6nnen sie auf dem Postweg oder eingescannt per eMail an Obfrau <a href=\"ricarda@elsbeerreich.at\">Ricarda Weitz<\/a>l \u00fcbermitteln.<\/p>\n<p>Besten Dank!<\/p>\n<p>Vereinsvorstand (Wahl 2025)<\/p>\n<p><img loading=\"lazy\" decoding=\"async\" class=\"alignnone size-medium wp-image-1259\" src=\"https:\/\/www.elsbeerreich.at\/WP\/wp-content\/IMG-20250131-WA0001-1-300x225.jpg\" alt=\"\" width=\"300\" height=\"225\" srcset=\"https:\/\/www.elsbeerreich.at\/WP\/wp-content\/IMG-20250131-WA0001-1-300x225.jpg 300w, https:\/\/www.elsbeerreich.at\/WP\/wp-content\/IMG-20250131-WA0001-1-1024x768.jpg 1024w, https:\/\/www.elsbeerreich.at\/WP\/wp-content\/IMG-20250131-WA0001-1-768x576.jpg 768w, https:\/\/www.elsbeerreich.at\/WP\/wp-content\/IMG-20250131-WA0001-1-1536x1152.jpg 1536w, https:\/\/www.elsbeerreich.at\/WP\/wp-content\/IMG-20250131-WA0001-1.jpg 2048w\" sizes=\"auto, (max-width: 300px) 100vw, 300px\" \/><\/p>\n<p>Obfrau: Ricarda Weitzl<\/p>\n<p>Obfrau Stellvertreterin: Gitti D\u00fcrmoser<\/p>\n<p>Kassier: Jakob Mayer<\/p>\n<p>Schriftf\u00fchrerin: Magdalena Kistler<\/p>\n\n\n<p><\/p>\n","protected":false},"excerpt":{"rendered":"<p>ZVR: 368300706 Die Region \u201eElsbeerReich\u201c im s\u00fcdwestlichen Wienerwald zeichnet sich durch eine weltweit einzigartige Anzahl an solit\u00e4ren, gut fruchtenden Elsbeerb\u00e4umen aus und umfasst 23 Gemeinden am \u00dcbergang zwischen Mostviertel und Wienerwald, dem sogenannten &#8222;Wiesenwienerwald&#8220;. Die Herstellung des hochpreisigen Elsbeer-Edelbrandes folgt einer langen Tradition und wird heute durch andere Produkte aus Elsbeeren erg\u00e4nzt. Das &#8222;Or\u00f6wen der &hellip; <\/p>\n<p class=\"link-more\"><a href=\"https:\/\/www.elsbeerreich.at\/WP\/elsbeerverein\/\" class=\"more-link\"><span class=\"screen-reader-text\">\u201eVerein Elsbeerreich\u201c <\/span>weiterlesen<\/a><\/p>\n","protected":false},"author":1,"featured_media":0,"parent":0,"menu_order":0,"comment_status":"closed","ping_status":"closed","template":"","meta":{"footnotes":""},"class_list":["post-44","page","type-page","status-publish","hentry"],"_links":{"self":[{"href":"https:\/\/www.elsbeerreich.at\/WP\/wp-json\/wp\/v2\/pages\/44","targetHints":{"allow":["GET"]}}],"collection":[{"href":"https:\/\/www.elsbeerreich.at\/WP\/wp-json\/wp\/v2\/pages"}],"about":[{"href":"https:\/\/www.elsbeerreich.at\/WP\/wp-json\/wp\/v2\/types\/page"}],"author":[{"embeddable":true,"href":"https:\/\/www.elsbeerreich.at\/WP\/wp-json\/wp\/v2\/users\/1"}],"replies":[{"embeddable":true,"href":"https:\/\/www.elsbeerreich.at\/WP\/wp-json\/wp\/v2\/comments?post=44"}],"version-history":[{"count":10,"href":"https:\/\/www.elsbeerreich.at\/WP\/wp-json\/wp\/v2\/pages\/44\/revisions"}],"predecessor-version":[{"id":1317,"href":"https:\/\/www.elsbeerreich.at\/WP\/wp-json\/wp\/v2\/pages\/44\/revisions\/1317"}],"wp:attachment":[{"href":"https:\/\/www.elsbeerreich.at\/WP\/wp-json\/wp\/v2\/media?parent=44"}],"curies":[{"name":"wp","href":"https:\/\/api.w.org\/{rel}","templated":true}]}}