{"id":826,"date":"2020-12-05T21:50:01","date_gmt":"2020-12-05T20:50:01","guid":{"rendered":"http:\/\/www.elsbeerreich.at\/WP\/?page_id=826"},"modified":"2025-05-06T14:39:55","modified_gmt":"2025-05-06T12:39:55","slug":"impressum","status":"publish","type":"page","link":"https:\/\/www.elsbeerreich.at\/WP\/impressum\/","title":{"rendered":"Impressum"},"content":{"rendered":"\n<p><strong>Name:<\/strong>\u00a0Verein ElsbeerReich<\/p>\n\n\n\n<p><strong>ZVR-Zahl:<\/strong>&nbsp;368300706<\/p>\n\n\n\n<p><strong>Adresse:<\/strong><\/p>\n\n\n\n<p>Mayerh\u00f6fen 14<\/p>\n\n\n\n<p>3074 Michelbach<\/p>\n\n\n\n<p>Tel.: +43 664 350 89 53<\/p>\n\n\n\n<p><strong>Vereinsobfrau<\/strong>: Ricarda Weitzl<\/p>\n\n\n\n<p>E-Mail: <a href=\"linkTo_UnCryptMailto(%27nbjmup%2BpfmkAmboekvhfoe%5C%2Fbu%27);\" target=\"_blank\" rel=\"noreferrer noopener\">ricarda(at)elbeerreich.at<\/a><\/p>\n\n\n\n<p>Die Adresse unserer Website ist: <a href=\"https:\/\/www.elsbeerreich.at\/WP\">https:\/\/www.elsbeerreich.at\/WP<\/a><\/p>\n\n\n\n<h2 class=\"wp-block-heading\">Offenlegung gem\u00e4\u00df \u00a7 25 Mediengesetz<\/h2>\n\n\n\n<p>Der Verein Elsbeerreich ist ein nach dem \u00f6sterreichischen Vereinsgesetz (VerG) im Zentralen Vereinsregister (ZVR) eingetragener Verein ohne kommerzielle Absichten.<\/p>\n\n\n\n<p><strong>Vereinszweck (aus dem \u00a72 der Vereinsstatuten)<\/strong><\/p>\n\n\n\n<p>Der Verein agiert als Plattform f\u00fcr alle in- und au\u00dferhalb der Region, die zum Erfolg der Genuss Region Wiesenwienerwald Elsbeere beitragen m\u00f6chten. Der Verein sieht als weitere Aufgabe die F\u00f6rderung und Weiterentwicklung des Tourismus, der Gastronomie, der Lebensmittelverarbeitung und der Volkskultur sowie die Verbindung dieser Bereiche mit der Landwirtschaft und die l\u00e4ndliche Entwicklung.<\/p>\n\n\n\n<p>Der Verein bezweckt weiters, den Elsbeerbaum (Sorbus tormilalis) und den Fr\u00fcchten des Baumes besondere Aufmerksamkeit zu schenken, und vor allem daf\u00fcr zu sorgen, dass diese f\u00fcr die Gegend typische Frucht auch in Zukunft geerntet, zur Weiterverarbeitung verwendet und beworben wird. \u00dcber die richtige Baumpflege soll informiert, Erntem\u00f6glichkeiten gesucht und die Vermarktung der Elsbeere erweitert und unterst\u00fctzt werden.<\/p>\n\n\n\n<p>Der Verein \u00fcbernimmt die Aufgaben eines F\u00f6rderkreises der internationalen Slow-Food-Foundation f\u00fcr Biodiversit\u00e4t in Italien. Insbesondere die Erhaltung und Pflege des Elsbeerbaumbestandes, die Fortf\u00fchrung der Beerntung und die Schaffung von Produktionsrichtlinien f\u00fcr die verarbeiteten Produkte der Elsbeere.<\/p>\n\n\n\n<h2 class=\"wp-block-heading\">Webseite<\/h2>\n\n\n\n<p><strong>Allgemeine Informationen<\/strong><\/p>\n\n\n\n<p>Unsere Webseite wird vom Vereinsvorstand des Vereins Elsbeerreich erstellt. Alle Informationen und Erkl\u00e4rungen dieser Internetseiten sind unverbindlich. Der Verein Elsbeerreich \u00fcbernimmt f\u00fcr die Richtigkeit und Vollst\u00e4ndigkeit der Inhalte keine Gew\u00e4hr. Aus den Inhalten der Internetseiten ergeben sich keine Rechtsanspr\u00fcche. Fehler im Inhalt werden bei Kenntnis dar\u00fcber unverz\u00fcglich korrigiert. Die Inhalte der Internetseiten k\u00f6nnen durch zeitverz\u00f6gerte Aktualisierung nicht permanent aktuell sein. Bitte fragen Sie uns daher zu dem Stand, technischen Details und Lieferbarkeit der Produkte und Dienstleistungen. Links auf andere Internetseiten werden nicht permanent kontrolliert. Somit \u00fcbernehmen wir keine Verantwortung f\u00fcr den Inhalt verlinkter Seiten.<\/p>\n\n\n\n<p><strong>Urheberrechte und sonstige Sonderschutzrechte<\/strong><\/p>\n\n\n\n<p>Der Inhalt dieser Internetseiten ist urheberrechtlich gesch\u00fctzt. Es darf eine Kopie der Informationen der Internetseiten auf einem einzigen Computer f\u00fcr den nicht-kommerziellen und pers\u00f6nlichen internen Gebrauch gespeichert werden. Grafiken, Texte, Logos, Bilder usw. d\u00fcrfen nur nach schriftlicher Genehmigung durch den Verein Elsbeerreich heruntergeladen, vervielf\u00e4ltigt, kopiert, ge\u00e4ndert, ver\u00f6ffentlicht, versendet, \u00fcbertragen oder in sonstiger Form genutzt werden. Bei genannten Produkt- und Firmennamen kann es sich um eingetragene Warenzeichen oder Marken handeln. Die unberechtigte Verwendung kann zu Schadensersatzanspr\u00fcchen und Unterlassungsanspr\u00fcchen f\u00fchren.<\/p>\n\n\n\n<p><strong>Einbindung von Diensten und Inhalten Dritter<\/strong><\/p>\n\n\n\n<p>Dieser Internetauftritt beinhaltet Links zu externen Internetauftritten Dritter, auf deren Inhalt der Medieninhaber keinen Einfluss hat. Dementsprechend kann der Medieninhaber trotz sorgf\u00e4ltiger Pr\u00fcfung f\u00fcr die Inhalte der entsprechenden Seiten keine Verantwortung \u00fcbernehmen. F\u00fcr diese Inhalte ist der Betreiber der jeweiligen Website verantwortlich. Sollten dennoch Rechtsverletzungen in Verbindung mit einer der verlinkten Seiten erkennbar werden, wird der Link selbstverst\u00e4ndlich umgehend entfernt.<\/p>\n\n\n\n<p>Beitr\u00e4ge auf dieser Website k\u00f6nnen eingebettete Inhalte beinhalten (z.&nbsp;B. Videos, Bilder, Beitr\u00e4ge, Links zu externen Internetauftritten Dritter etc.). Der Verein Elsbeerreich kann trotz sorgf\u00e4ltiger Pr\u00fcfung f\u00fcr die Inhalte der externen Seiten keine Verantwortung \u00fcbernehmen. F\u00fcr diese Inhalte ist der Betreiber der jeweiligen Website verantwortlich. Sollten dennoch Rechtsverletzungen in Verbindung mit einer der verlinkten Seiten erkennbar werden, wird der Link selbstverst\u00e4ndlich umgehend entfernt.<\/p>\n\n\n\n<p>Eingebettete Inhalte von anderen Websites verhalten sich exakt so, als ob der Besucher die andere Website besucht h\u00e4tte. Diese Websites k\u00f6nnen Daten \u00fcber dich sammeln, Cookies benutzen, zus\u00e4tzliche Tracking-Dienste von Dritten einbetten und deine Interaktion mit diesem eingebetteten Inhalt aufzeichnen, inklusive deiner Interaktion mit dem eingebetteten Inhalt, falls der Besucher ein Konto hat und auf dieser Website angemeldet ist.<\/p>\n\n\n\n<p><strong>Herunterladen von Daten und Inhalten<\/strong><\/p>\n\n\n\n<p>Der Verein Elsbeerreich \u00fcbernimmt keine Gew\u00e4hr f\u00fcr die Fehlerfreiheit von Daten und Inhalten, die von den Internetseiten heruntergeladen werden k\u00f6nnen.<\/p>\n\n\n\n<p><strong>Schutz pers\u00f6nlicher Daten und Vertraulichkeit<\/strong><\/p>\n\n\n\n<p>Personenbezogene Daten werden von dem Verein Elsbeerreich \u00fcber diese Webseiten nur dann erhoben, genutzt und weitergegeben, wenn dies gesetzlich erlaubt ist oder die Nutzer in die Datenerhebung einwilligen. Die gesammelten Daten k\u00f6nnen von den Administratoren der Website (Vereisvorstand) eingesehen und verwaltet werden. Elektronisch \u00fcbermittelte Daten k\u00f6nnten von einem automatisierten Dienst zur Spam-Erkennung untersucht werden.<\/p>\n\n\n\n<p><strong>Kontaktaufnahme<\/strong><\/p>\n\n\n\n<p>Bei einer Kontaktaufnahme mit dem Verein Elsbeereich (zum Beispiel per E-Mail) werden die Angaben des Nutzers (Name, E-Mail, Adresse, Telefon, Bankverbindung) zwecks Bearbeitung der Anfrage sowie f\u00fcr den Fall, dass Anschlussfragen entstehen, gespeichert.<\/p>\n\n\n\n<p><strong>Registrierung<\/strong><\/p>\n\n\n\n<p>F\u00fcr Benutzer, die sich auf unserer Website registrieren, speichern wir zus\u00e4tzlich die pers\u00f6nlichen Informationen, die sie in ihren Benutzerprofilen angeben. Alle Benutzer k\u00f6nnen jederzeit ihre pers\u00f6nlichen Informationen einsehen, ver\u00e4ndern oder l\u00f6schen (der Benutzername kann nicht ver\u00e4ndert werden). Administratoren der Website (Vereisvorstand) k\u00f6nnen diese Informationen ebenfalls einsehen und ver\u00e4ndern.<\/p>\n\n\n\n<p>Wenn du ein registrierter Benutzer bist und Fotos auf diese Website l\u00e4dst, solltest du vermeiden, Fotos mit einem EXIF-GPS-Standort hochzuladen. Besucher dieser Website k\u00f6nnten Fotos, die auf dieser Website gespeichert sind, herunterladen und deren Standort-Informationen extrahieren.<\/p>\n\n\n\n<p>Falls du ein Konto hast und dich auf dieser Website anmeldest, werden wir ein tempor\u00e4res Cookie setzen, um festzustellen, ob dein Browser Cookies akzeptiert. Dieses Cookie enth\u00e4lt keine personenbezogenen Daten und wird verworfen, wenn du deinen Browser schlie\u00dft.<\/p>\n\n\n\n<p>Wenn du dich anmeldest, werden wir einige Cookies einrichten, um deine Anmeldeinformationen und Anzeigeoptionen zu speichern. Anmelde-Cookies verfallen nach zwei Tagen und Cookies f\u00fcr die Anzeigeoptionen nach einem Jahr. Falls du bei der Anmeldung \u201eAngemeldet bleiben\u201c ausw\u00e4hlst, wird deine Anmeldung zwei Wochen lang aufrechterhalten. Mit der Abmeldung aus deinem Konto werden die Anmelde-Cookies gel\u00f6scht.<\/p>\n\n\n\n<p>Wenn du einen Artikel bearbeitest oder ver\u00f6ffentlichst, wird ein zus\u00e4tzlicher Cookie in deinem Browser gespeichert. Dieser Cookie enth\u00e4lt keine personenbezogenen Daten und verweist nur auf die Beitrags-ID des Artikels, den du gerade bearbeitet hast. Der Cookie verf\u00e4llt nach einem Tag.<\/p>\n\n\n\n<p>Die gesammelten Daten werden nur f\u00fcr den Zweck verwendet, f\u00fcr den sie gesammelt wurden und werden ohne Einwilligung des Nutzers nicht an Dritte weitergegeben. Die erhobenen Daten werden auf unbefristete Zeit gespeichert. Ein Benutzer dieser Website kann jederzeit einen Export seiner personenbezogenen Daten bei uns anfordern, inklusive aller Daten, die uns mitgeteilt wurden. Dar\u00fcber hinaus kann jederzeit die L\u00f6schung aller personenbezogenen Daten durch einen Nutzer angefordert werden. Dies umfasst nicht die Daten, die wir aufgrund administrativer, rechtlicher oder sicherheitsrelevanter Notwendigkeiten aufbewahren m\u00fcssen.<\/p>\n\n\n\n<p>Es kann nicht garantiert werden, dass Informationen oder pers\u00f6nliche Daten, die uns \u00fcbermittelt werden, bei der \u00dcbermittlung nicht von Dritten &#8222;abgeh\u00f6rt&#8220; werden.<\/p>\n\n\n\n<p><strong>Haftung<\/strong><\/p>\n\n\n\n<p>Der Verein Elsbeerreich haftet nicht f\u00fcr Sch\u00e4den insbesondere nicht f\u00fcr unmittelbare oder mittelbare Folgesch\u00e4den, Datenverlust, entgangenen Gewinn, System- oder Produktionsausf\u00e4llen, die durch die Nutzung dieser Internetseiten oder das Herunterladen von Daten entstehen. Liegt bei einem entstandenen Schaden durch die Nutzung der Internetseiten oder das Herunterladen von Daten Vorsatz oder grobe Fahrl\u00e4ssigkeit vor, gilt der Haftungsausschluss nicht. Die durch die Nutzung der Internetseiten entstandene Rechtsbeziehung zwischen Ihnen und dem Vereich Elsbeerreich unterliegt dem \u00f6sterreichischen Recht. Bei Rechtsstreitigkeiten mit Vollkaufleuten, die aus der Nutzung dieser Internetseiten resultieren, ist der Gerichtsstand der Sitz des Vereins Elsberreich in Michelbach, St. P\u00f6lten-Land.<\/p>\n","protected":false},"excerpt":{"rendered":"<p>Name:\u00a0Verein ElsbeerReich ZVR-Zahl:&nbsp;368300706 Adresse: Mayerh\u00f6fen 14 3074 Michelbach Tel.: +43 664 350 89 53 Vereinsobfrau: Ricarda Weitzl E-Mail: ricarda(at)elbeerreich.at Die Adresse unserer Website ist: https:\/\/www.elsbeerreich.at\/WP Offenlegung gem\u00e4\u00df \u00a7 25 Mediengesetz Der Verein Elsbeerreich ist ein nach dem \u00f6sterreichischen Vereinsgesetz (VerG) im Zentralen Vereinsregister (ZVR) eingetragener Verein ohne kommerzielle Absichten. Vereinszweck (aus dem \u00a72 der Vereinsstatuten) &hellip; <\/p>\n<p class=\"link-more\"><a href=\"https:\/\/www.elsbeerreich.at\/WP\/impressum\/\" class=\"more-link\"><span class=\"screen-reader-text\">\u201eImpressum\u201c <\/span>weiterlesen<\/a><\/p>\n","protected":false},"author":6,"featured_media":0,"parent":0,"menu_order":0,"comment_status":"closed","ping_status":"closed","template":"","meta":{"footnotes":""},"class_list":["post-826","page","type-page","status-publish","hentry"],"_links":{"self":[{"href":"https:\/\/www.elsbeerreich.at\/WP\/wp-json\/wp\/v2\/pages\/826","targetHints":{"allow":["GET"]}}],"collection":[{"href":"https:\/\/www.elsbeerreich.at\/WP\/wp-json\/wp\/v2\/pages"}],"about":[{"href":"https:\/\/www.elsbeerreich.at\/WP\/wp-json\/wp\/v2\/types\/page"}],"author":[{"embeddable":true,"href":"https:\/\/www.elsbeerreich.at\/WP\/wp-json\/wp\/v2\/users\/6"}],"replies":[{"embeddable":true,"href":"https:\/\/www.elsbeerreich.at\/WP\/wp-json\/wp\/v2\/comments?post=826"}],"version-history":[{"count":3,"href":"https:\/\/www.elsbeerreich.at\/WP\/wp-json\/wp\/v2\/pages\/826\/revisions"}],"predecessor-version":[{"id":1302,"href":"https:\/\/www.elsbeerreich.at\/WP\/wp-json\/wp\/v2\/pages\/826\/revisions\/1302"}],"wp:attachment":[{"href":"https:\/\/www.elsbeerreich.at\/WP\/wp-json\/wp\/v2\/media?parent=826"}],"curies":[{"name":"wp","href":"https:\/\/api.w.org\/{rel}","templated":true}]}}